{"id":2,"date":"2006-01-24T09:46:28","date_gmt":"2006-01-24T14:46:28","guid":{"rendered":""},"modified":"2011-11-08T10:46:28","modified_gmt":"2011-11-08T08:46:28","slug":"buyruk-kimdir","status":"publish","type":"page","link":"http:\/\/buyruk.net\/blog\/buyruk-kimdir\/","title":{"rendered":"Buyruk kimdir?"},"content":{"rendered":"<p><span style=\"text-decoration: line-through;\">Yazar\u0131m\u0131z Buyruk, kumral sa\u00e7l\u0131, ela g\u00f6zl\u00fc, solak, hedef odakl\u0131, enerjik, hiperaktif, d\u00fcr\u00fcst, hayli motive, disiplinli, kararl\u0131, sportif, yeni \u015feyler okumaya\/\u00f6\u011frenmeye merakl\u0131, a\u015f\u0131r\u0131 h\u0131zl\u0131 konu\u015fan, kararl\u0131, h\u0131rsl\u0131, ufak tefek, kendi halinde bir insano\u011flu&#8230;<\/span><\/p>\n<p><em>Yukar\u0131ya bak\u0131yorum da, kendimi nas\u0131l da betimlemi\u015fim, h\u00e2l\u00e2 hayret ediyorum. Duyan, okuyan da robotumsu biri sanacak. Neyse, k\u0131saca \u00f6zetlemek gerekirse, bendeniz, yeni olgulara, kavramlara merakl\u0131, s\u00fcrekli merak eden, sorgulama amac\u0131 i\u00e7erisinde olan ve yeni \u015feyler \u00f6\u011frendik\u00e7e de bundan mutluluk duyan, mesut olan biriyim. S\u0131fatlara y\u00f6nelecek olursak ise:<\/em><\/p>\n<p>Bir yazar, blogcu, bilgisayar programc\u0131s\u0131, \u00fcniversite \u00f6\u011frencisi, <span style=\"text-decoration: line-through;\">Erasmus \u00f6\u011frencisi &#8211;&gt; gezgin<\/span>, <em>yar\u0131-zamanl\u0131 yaz\u0131l\u0131m geli\u015ftirici<\/em>, basketbolcu, <span style=\"text-decoration: line-through;\">masa tenis\u00e7isi<\/span>, <em>foto\u011fraf\u00e7\u0131, <\/em>NBA merakl\u0131s\u0131, okuyucu, s\u0131k\u0131 bir dizi takip\u00e7isi (eskiden Friends, \u015fimdileri <span style=\"text-decoration: line-through;\">Prison Break, Lost,<\/span> How I Met Your Mother, Nip\/Tuck, <span style=\"text-decoration: line-through;\">4400,<\/span> My Name is Earl,<span style=\"text-decoration: line-through;\"> 24,<\/span> Numb3rs, Gilmore Girls, <em>Coupling), <\/em><span style=\"text-decoration: line-through;\">eskisi kadar olmasa da h\u00e2l\u00e2<\/span> bir sinemasever, bir web tasar\u0131mc\u0131s\u0131&#8230;<\/p>\n<p>Buyruk daha ufac\u0131k, tefecik bir \u00e7ocukken, Bal\u0131kesir&#8217;in sokaklar\u0131nda futbol top pe\u015finde ko\u015fturmaya yeni ba\u015flam\u0131\u015fken, ailesinin i\u015fi nedeniyle \u0130zmir&#8217;e ta\u015f\u0131n\u0131r. B\u00fcy\u00fck \u015fehir havas\u0131n\u0131 ilk kez o zamanlar solur. O karga\u015fay\u0131, o ko\u015fu\u015fturmay\u0131 az da olsa g\u00f6rme f\u0131rsat\u0131 olur. \u0130lk\u00f6\u011frenimin ilk y\u0131l\u0131n\u0131 Kar\u015f\u0131yaka&#8217;da Cumhuriyet \u0130lk\u00f6\u011fretim Okulu&#8217;nda tamamlad\u0131ktan sonra, yine i\u015fsel nedenlerden tekrar memleket Bal\u0131kesir&#8217;e d\u00f6ner. Geri kalan 4 y\u0131l\u0131 Mehmet\u00e7ik \u0130lk\u00f6\u011fretim Okulu&#8217;nda ge\u00e7irir. Zaman\u0131n \u00f6nemli s\u0131nav\u0131, Anadolu liselerine giri\u015f s\u0131nav\u0131nda ba\u015far\u0131l\u0131 olarak S\u0131rr\u0131 Y\u0131rcal\u0131 Anadolu Lisesi&#8217;nde okumaya hak kazan\u0131r. Haz\u0131rl\u0131k denen nimetin faydas\u0131yla \u0130ngilizce ile erken ya\u015fta tan\u0131\u015f\u0131r. Sonraki senelerde de Almancas\u0131&#8217;n\u0131n temellerini burada atar. \u0130zmir&#8217;de \u00f6\u011frenmeye ba\u015flad\u0131\u011f\u0131 favori sporu basketbolla tekrar bir araya gelir. Ortaokul biter liseyle birlikte \u00d6SS heyacan\u0131 ba\u015fg\u00f6sterir. T\u00fcrkiye&#8217;nin al\u0131\u015fageldi\u011fi tabloya uyar, dersane + okul kombinasyonuyla 2 sene ge\u00e7irdikten sonra 3 saatlik maratonu ko\u015far. Akabinde hemen tercihler gelir. Ba\u015flarda biraz karars\u0131z dakikalar ya\u015fasa da, Bilg. M\u00fch. ve \u0130stanbul kelimeleri a\u011f\u0131r basar sonucunda. Sonu\u00e7lar a\u00e7\u0131klan\u0131r: Marmara \u00dcniversitesi, Bilgisayar M\u00fchendisli\u011fi.<\/p>\n<p>Birka\u00e7 ay sonras\u0131nda \u0130stanbul yoluna d\u00fc\u015f\u00fcl\u00fcr. Programlamayla tan\u0131\u015fm\u0131\u015f olur b\u00f6ylece. Java, C, veritaban\u0131 derken s\u0131n\u0131f y\u00fckselmeye devam eder. Yar\u0131m kalm\u0131\u015f olan Almanca&#8217;s\u0131n\u0131 da hafta sonu kurslar\u0131yla geli\u015ftirmeye devam eder. 3. s\u0131n\u0131fa geldi\u011finde, trend olma yolunda ilerleyen &#8220;<strong>blog<\/strong>&#8221; furyas\u0131nda bir yer edinmek ister. &#8220;E, olmu\u015fken, kendi ad\u0131m\u0131zdan olsun yav!&#8221; diyerek &#8220;<a href=\"http:\/\/buyruk.net\" target=\"_blank\">buyruk.net<\/a>&#8221; i hayata ge\u00e7irir. Ufaktan, yava\u015ftan girdiler girmeye, i\u015fi \u00f6\u011frenmeye ba\u015flar. Senin sonlar\u0131na do\u011fru departman\u0131n Erasmus program\u0131 \u00e7er\u00e7evesinde 3 \u00fcniversiteyle anla\u015fmas\u0131yla birlikte y\u0131llard\u0131r bekledi\u011fi yurt d\u0131\u015f\u0131na \u00e7\u0131k\u0131\u015f kap\u0131s\u0131 aralanm\u0131\u015f olur. Ba\u015fvurular yap\u0131l\u0131r, s\u0131navlara girilir (Bkz: <a href=\"http:\/\/www.buyruk.net\/blog\/nasil-erasmus-ogrencisi-olabilirim\/\">Nas\u0131l Erasmus \u00d6\u011frencisi Olabilirim<\/a>), kar\u015f\u0131 okuldan kabul belgesinin de gelmesiyle, \u00fcmitler iyice ye\u015ferir. S\u0131rada vize engeli vard\u0131r. Yaz\u0131n sonuna do\u011fru istenilen belgeler haz\u0131r edilir, ba\u015fvuru yap\u0131l\u0131r (Bkz: <a title=\"Permanent Link to Almanya Vizesi \u0130steyeeeen!\" href=\"http:\/\/www.buyruk.net\/blog\/almanya-vizesi-isteyeeeen\/\" rel=\"bookmark\">Almanya Vizesi \u0130steyeeeen!<\/a>). Bir ayl\u0131k bir bekleme s\u00fcresinin ard\u0131ndan vizede de bir sorun \u00e7\u0131kmay\u0131nca, <em>u\u00e7ak bileti al\u0131n\u0131r<\/em> <em>(Bkz: <a title=\"\u015eimdi S\u0131ra U\u00e7ak Biletinde\" href=\"http:\/\/www.buyruk.net\/blog\/simdi-sira-ucak-biletinde\/\" target=\"_blank\">\u015eimdi S\u0131ra U\u00e7ak Biletinde<\/a>)<\/em>, u\u00e7u\u015f tarihini beklemeye ba\u015flar. G\u00fcnler sonra yurt d\u0131\u015f\u0131 maceras\u0131 ba\u015flam\u0131\u015ft\u0131r.<\/p>\n<p><span style=\"text-decoration: line-through;\">Furtwangen\/Almanya, muhtemelen bu sene burada olacakt\u0131r kendisi. Hochschule Furtwangen \u00f6\u011frencisi olarak. Kendisine bu yeni maceras\u0131nda iyi e\u011flenceler diliyor, gezginli\u011finin Almanya hudutlar\u0131yla s\u0131n\u0131rl\u0131 kalmamas\u0131n\u0131 umuyoruz. Ho\u015f\u00e7a kal!<\/span><\/p>\n<p><em>En son bir sene \u00f6nceki \u015fekliyle kal\u0131nca, haliyle Almanya&#8217;dan ve Furtwangen&#8217;dan bir eser yok. \u015eimdi d\u00f6nm\u00fc\u015f oldu\u011fuma g\u00f6re, oralardan da izninizle biraz bahsedeyim. Vize ba\u015fvurumun olumlu sonu\u00e7lan\u0131p sonu\u00e7lanmad\u0131\u011f\u0131n\u0131 bilmiyorken alm\u0131\u015ft\u0131k u\u00e7ak biletini asl\u0131nda. Zaten pasaportum da gidi\u015f tarihimden 1 hafta kadar \u00f6nce gelmi\u015fti. Kalan s\u00fcrede, \u00fclkemi terketece\u011fimin, 1 y\u0131l -2 d\u00f6nem-<\/em> boyunca tamamen ba\u015fka bir \u00fclkede, ba\u015fka bir k\u00fclt\u00fcrde <em>ya\u015fayaca\u011f\u0131m\u0131n bile fark\u0131nda de\u011fildim. Daha \u00f6nce bir kere bile yurt d\u0131\u015f\u0131na \u00e7\u0131kmam\u0131\u015f birisi i\u00e7in, b\u00fcy\u00fct\u00fclecek tarzda \u00f6nemli bir mesele asl\u0131nda. Ama san\u0131r\u0131m gidilecek \u00fclkenin Almanya olmas\u0131 da bunu biraz hafifleten bir unsur. Gitmeden \u00f6nce, Furtwangen ile ilgili neredeyse hi\u00e7bir ara\u015ft\u0131rma yapmam\u0131\u015f, bilgi toplamam\u0131\u015ft\u0131m. Zaten vize \u00e7\u0131kt\u0131\u011f\u0131n\u0131 \u00f6\u011frenene kadar da bir r\u00fcya, bir serap, ger\u00e7ekle\u015fmeyecek bir hayal gibiydi b\u00fct\u00fcn bu seferberlik. Sonras\u0131nda bir \u015fekilde bunlar\u0131 atlat\u0131p u\u00e7a\u011fa binip Furtwangen yoluna d\u00fc\u015ft\u00fck. \u015eehre, -pardon k\u00f6ye- vard\u0131\u011f\u0131m\u0131zda biraz dumura u\u011fram\u0131\u015ft\u0131k, ufac\u0131k bir kasabadan fark\u0131 yoktu. Ba\u015fta yad\u0131rgasak da, al\u0131\u015fmam\u0131 h\u0131zland\u0131r\u0131c\u0131 bir etkendi bu. Sonras\u0131nda \u00f6\u011frencilerle tan\u0131\u015fmak, derslere gidip gelmek, tatillerde, bo\u015f zamanlarda hem Almanya&#8217;y\u0131, hem de Avrupa&#8217;y\u0131 gezme \u00e7abas\u0131yla ge\u00e7irdim 1 y\u0131l\u0131m\u0131. Neticesinde okulum bir y\u0131l uzam\u0131\u015f oldu, ama ger\u00e7ekten de de\u011fdi do\u011frusu. Belki de hi\u00e7bir zaman b\u00f6yle bir \u015fans elime ge\u00e7meyecek, b\u00f6yle dola\u015famayacak, bu heyecanlar\u0131 tadamayacakt\u0131m. Sonu\u00e7 olarak son derece beni tatmin ve memnun eden 1 y\u0131ll\u0131k bir maceradan sonra yeniden \u0130stanbul&#8217;day\u0131m. Bu senem de, mezun olma ve ayn\u0131 zamanda i\u015f d\u00fcnyas\u0131na al\u0131\u015fma\/\u0131s\u0131nma \u00e7abalar\u0131yla ge\u00e7ecek. Hepimize kolay gelsin!<\/em><\/p>\n<p><a href=\"http:\/\/www.twitter.com\/buyruk\"><img src=\"http:\/\/twitter-badges.s3.amazonaws.com\/follow_me-a.png\" alt=\"Follow buyruk on Twitter\" \/><\/a><\/p>\n<p><a class=\"twitter-follow-button\" href=\"http:\/\/twitter.com\/buyruk\">Follow @buyruk<\/a><br \/>\n<script type=\"text\/javascript\" src=\"http:\/\/platform.twitter.com\/widgets.js\"><\/script><\/p>\n<form action=\"http:\/\/feedburner.google.com\/fb\/a\/mailverify\" method=\"post\" onsubmit=\"window.open('http:\/\/feedburner.google.com\/fb\/a\/mailverify?uri=buyruknet', 'popupwindow', 'scrollbars=yes,width=225,height=175');return true\" target=\"popupwindow\"><input style=\"width: 140px;\" type=\"text\" name=\"email\" \/><br \/>\n<input type=\"hidden\" name=\"uri\" value=\"buyruknet\" \/><input type=\"hidden\" name=\"loc\" value=\"en_US\" \/><input type=\"submit\" value=\"Subscribe\" \/><\/form>\n\n<p class=\"sayac_bilgi\">Bu yaz\u0131 toplamda 2, bug\u00fcn ise 2 kez g\u00f6r\u00fcnt\u00fclenmi\u015f.<\/p>\n","protected":false},"excerpt":{"rendered":"<p>Yazar\u0131m\u0131z Buyruk, kumral sa\u00e7l\u0131, ela g\u00f6zl\u00fc, solak, hedef odakl\u0131, enerjik, hiperaktif, d\u00fcr\u00fcst, hayli motive, disiplinli, kararl\u0131, sportif, yeni \u015feyler okumaya\/\u00f6\u011frenmeye merakl\u0131, a\u015f\u0131r\u0131 h\u0131zl\u0131 konu\u015fan, kararl\u0131, h\u0131rsl\u0131, ufak tefek, kendi halinde bir insano\u011flu&#8230; Yukar\u0131ya bak\u0131yorum da, kendimi nas\u0131l da betimlemi\u015fim, h\u00e2l\u00e2 hayret ediyorum. Duyan, okuyan da robotumsu biri sanacak. Neyse, k\u0131saca \u00f6zetlemek gerekirse, bendeniz, yeni olgulara, [&hellip;]<\/p>\n","protected":false},"author":1,"featured_media":0,"parent":0,"menu_order":0,"comment_status":"open","ping_status":"open","template":"","meta":[],"_links":{"self":[{"href":"http:\/\/buyruk.net\/blog\/wp-json\/wp\/v2\/pages\/2"}],"collection":[{"href":"http:\/\/buyruk.net\/blog\/wp-json\/wp\/v2\/pages"}],"about":[{"href":"http:\/\/buyruk.net\/blog\/wp-json\/wp\/v2\/types\/page"}],"author":[{"embeddable":true,"href":"http:\/\/buyruk.net\/blog\/wp-json\/wp\/v2\/users\/1"}],"replies":[{"embeddable":true,"href":"http:\/\/buyruk.net\/blog\/wp-json\/wp\/v2\/comments?post=2"}],"version-history":[{"count":8,"href":"http:\/\/buyruk.net\/blog\/wp-json\/wp\/v2\/pages\/2\/revisions"}],"predecessor-version":[{"id":716,"href":"http:\/\/buyruk.net\/blog\/wp-json\/wp\/v2\/pages\/2\/revisions\/716"}],"wp:attachment":[{"href":"http:\/\/buyruk.net\/blog\/wp-json\/wp\/v2\/media?parent=2"}],"curies":[{"name":"wp","href":"https:\/\/api.w.org\/{rel}","templated":true}]}}